{"id":42,"date":"2023-10-25T02:59:33","date_gmt":"2023-10-25T02:59:33","guid":{"rendered":"https:\/\/www.thecanyonlodge.com\/?page_id=42"},"modified":"2023-10-28T04:51:14","modified_gmt":"2023-10-28T04:51:14","slug":"sustainability","status":"publish","type":"page","link":"https:\/\/www.thecanyonlodge.com\/es\/sustainability\/","title":{"rendered":"Sostenibilidad"},"content":{"rendered":"<div data-elementor-type=\"wp-page\" data-elementor-id=\"42\" class=\"elementor elementor-42\" data-elementor-post-type=\"page\">\n\t\t\t\t\t\t<section class=\"elementor-section elementor-top-section elementor-element elementor-element-fafb827 elementor-section-full_width animated-slow elementor-section-height-default elementor-section-height-default elementor-invisible\" data-id=\"fafb827\" data-element_type=\"section\" data-e-type=\"section\" data-settings=\"{&quot;background_background&quot;:&quot;classic&quot;,&quot;animation&quot;:&quot;fadeInDown&quot;}\" ofert=\"\">\n\t\t\t\t\t\t<div class=\"elementor-container elementor-column-gap-default\">\n\t\t\t\t\t<div class=\"elementor-column elementor-col-100 elementor-top-column elementor-element elementor-element-2abc9bf\" data-id=\"2abc9bf\" data-element_type=\"column\" data-e-type=\"column\">\n\t\t\t<div class=\"elementor-widget-wrap elementor-element-populated\">\n\t\t\t\t\t\t<div class=\"elementor-element elementor-element-17f0d98 elementor-headline--style-highlight elementor-widget elementor-widget-animated-headline\" data-id=\"17f0d98\" data-element_type=\"widget\" data-e-type=\"widget\" data-settings=\"{&quot;marker&quot;:&quot;underline&quot;,&quot;highlighted_text&quot;:&quot;Sustainabilility&quot;,&quot;headline_style&quot;:&quot;highlight&quot;,&quot;highlight_animation_duration&quot;:1200}\" data-widget_type=\"animated-headline.default\">\n\t\t\t\t<div class=\"elementor-widget-container\">\n\t\t\t\t\t\t\t<h3 class=\"elementor-headline\">\n\t\t\t\t<span class=\"elementor-headline-dynamic-wrapper elementor-headline-text-wrapper\">\n\t\t\t\t\t<span class=\"elementor-headline-dynamic-text elementor-headline-text-active\">Sostenibilidad<\/span>\n\t\t\t\t<\/span>\n\t\t\t\t<\/h3>\n\t\t\t\t\t\t<\/div>\n\t\t\t\t<\/div>\n\t\t\t\t\t<\/div>\n\t\t<\/div>\n\t\t\t\t\t<\/div>\n\t\t<\/section>\n\t\t\t\t<section class=\"elementor-section elementor-top-section elementor-element elementor-element-cd94207 elementor-section-boxed elementor-section-height-default elementor-section-height-default\" data-id=\"cd94207\" data-element_type=\"section\" data-e-type=\"section\">\n\t\t\t\t\t\t<div class=\"elementor-container elementor-column-gap-default\">\n\t\t\t\t\t<div class=\"elementor-column elementor-col-100 elementor-top-column elementor-element elementor-element-0d7063e\" data-id=\"0d7063e\" data-element_type=\"column\" data-e-type=\"column\">\n\t\t\t<div class=\"elementor-widget-wrap elementor-element-populated\">\n\t\t\t\t\t\t<div class=\"elementor-element elementor-element-8932991 elementor-widget elementor-widget-image\" data-id=\"8932991\" data-element_type=\"widget\" data-e-type=\"widget\" data-widget_type=\"image.default\">\n\t\t\t\t<div class=\"elementor-widget-container\">\n\t\t\t\t\t\t\t\t\t\t\t\t\t\t\t<img fetchpriority=\"high\" decoding=\"async\" width=\"257\" height=\"246\" src=\"https:\/\/www.thecanyonlodge.com\/wp-content\/uploads\/2023\/10\/imgTurismoOF01.png\" class=\"attachment-2048x2048 size-2048x2048 wp-image-772\" alt=\"\" \/>\t\t\t\t\t\t\t\t\t\t\t\t\t\t\t<\/div>\n\t\t\t\t<\/div>\n\t\t\t\t<div class=\"elementor-element elementor-element-d4f9a5d elementor-widget elementor-widget-text-editor\" data-id=\"d4f9a5d\" data-element_type=\"widget\" data-e-type=\"widget\" data-widget_type=\"text-editor.default\">\n\t\t\t\t<div class=\"elementor-widget-container\">\n\t\t\t\t\t\t\t\t\t<p>Canyon de La Vieja Lodge toma muy en serio las posibles repercusiones ambientales de la industria.<br>La raz\u00f3n principal para ofrecer esta informaci\u00f3n es permitir poner en pr\u00e1ctica diferentes procesos, as\u00ed como mecanismos, productos. <br>y poner en pr\u00e1ctica patrones de comportamiento que nos permitan seguir protegiendo el medio ambiente. <br><b>Orgullosamente galardonado con 5 niveles de sostenibilidad <\/b>con la Certificaci\u00f3n de Turismo Sostenible (CST) por parte del Instituto Costarricense de Turismo. Entre las estrategias que hemos adoptado, encontrar\u00e1 los siguientes programas:&nbsp;<\/p><p><b>Huerto de Verduras Org\u00e1nicas:<\/b> garantiza vegetales frescos y org\u00e1nicos para todos los platos de nuestros restaurantes al mejor estilo guanacasteco. Separaci\u00f3n de residuos y reciclaje: El hotel y los hu\u00e9spedes participan en este proyecto ofreciendo la posibilidad de separar todos los materiales reciclables, que luego son llevados a centros de acopio para ser procesados.&nbsp;<\/p><p><b>Uso de productos ecol\u00f3gicos:<\/b> Hemos eliminado el uso de qu\u00edmicos en nuestra lavander\u00eda y en algunas otras \u00e1reas que tienden a utilizar qu\u00edmicos altamente contaminantes.&nbsp;<\/p><p><b>Patrocinio y asistencia al Colegio Guadalupe:<\/b> Actualmente, nuestro hotel colabora con la escuela comunitaria donando libros para que los ni\u00f1os potencien la educaci\u00f3n y cubos de pintura para el mantenimiento anual de la escuela. Colaboraci\u00f3n con el Grupo \u201cGuadalupe Limpio\u201d: en campa\u00f1as de reciclaje y recolecci\u00f3n de residuos en la comunidad.&nbsp;<\/p><p><b>Formaci\u00f3n en primeros auxilios: <\/b>El hotel brinda capacitaci\u00f3n constante en atenci\u00f3n de primeros auxilios a nuestro personal para poder responder ante cualquier emergencia que pueda ocurrir en el lugar.&nbsp;<\/p><p><b>\u00a1Estos son nuestros proyectos iniciales pero muy pronto anunciaremos c\u00f3mo avanzamos y qu\u00e9 logramos!<\/b><br><\/p>\t\t\t\t\t\t\t\t<\/div>\n\t\t\t\t<\/div>\n\t\t\t\t\t<\/div>\n\t\t<\/div>\n\t\t\t\t\t<\/div>\n\t\t<\/section>\n\t\t\t\t<\/div>","protected":false},"excerpt":{"rendered":"<p>Sustainabilility Canyon de La Vieja Lodge takes the possible industry environmental repercussions very seriously.The main reason to offer this information is to enable putting different processes, as well as mechanisms, products and behavior patterns into practice that will allow us to continue protecting the environment. Proudly awarded with 5 levels for sustainability with the Certification [&hellip;]<\/p>\n","protected":false},"author":1,"featured_media":0,"parent":0,"menu_order":0,"comment_status":"closed","ping_status":"closed","template":"","meta":{"footnotes":""},"class_list":["post-42","page","type-page","status-publish","hentry"],"_links":{"self":[{"href":"https:\/\/www.thecanyonlodge.com\/es\/wp-json\/wp\/v2\/pages\/42","targetHints":{"allow":["GET"]}}],"collection":[{"href":"https:\/\/www.thecanyonlodge.com\/es\/wp-json\/wp\/v2\/pages"}],"about":[{"href":"https:\/\/www.thecanyonlodge.com\/es\/wp-json\/wp\/v2\/types\/page"}],"author":[{"embeddable":true,"href":"https:\/\/www.thecanyonlodge.com\/es\/wp-json\/wp\/v2\/users\/1"}],"replies":[{"embeddable":true,"href":"https:\/\/www.thecanyonlodge.com\/es\/wp-json\/wp\/v2\/comments?post=42"}],"version-history":[{"count":19,"href":"https:\/\/www.thecanyonlodge.com\/es\/wp-json\/wp\/v2\/pages\/42\/revisions"}],"predecessor-version":[{"id":1046,"href":"https:\/\/www.thecanyonlodge.com\/es\/wp-json\/wp\/v2\/pages\/42\/revisions\/1046"}],"wp:attachment":[{"href":"https:\/\/www.thecanyonlodge.com\/es\/wp-json\/wp\/v2\/media?parent=42"}],"curies":[{"name":"gracias","href":"https:\/\/api.w.org\/{rel}","templated":true}]}}