{"id":1067,"date":"2023-10-28T05:30:35","date_gmt":"2023-10-28T05:30:35","guid":{"rendered":"https:\/\/www.thecanyonlodge.com\/?post_type=product&#038;p=1067"},"modified":"2025-08-05T21:15:57","modified_gmt":"2025-08-05T21:15:57","slug":"day-pass","status":"publish","type":"product","link":"https:\/\/www.thecanyonlodge.com\/es\/producto\/day-pass\/","title":{"rendered":"Day Pass"},"content":{"rendered":"<h5><strong>Acceso a la piscina:<\/strong> Sum\u00e9rgete en una atm\u00f3sfera serena y acogedora con acceso a nuestra piscina de agua ambiental, que brinda un ambiente tranquilo para relajarte y disfrutar del d\u00eda.<\/h5>\n<h5><strong>Almuerzo:<\/strong> Del\u00e9itese con un delicioso y satisfactorio almuerzo y complete su d\u00eda con una sabrosa experiencia gastron\u00f3mica.<\/h5>","protected":false},"excerpt":{"rendered":"<p><strong>\u00a1Disfruta de un d\u00eda relajante con nuestro Day Pass!<\/strong>, granting you access to our ambient water pool and a delightful lunch.<br \/>\nExperience a day of leisure, relaxation, and culinary delight with our Day Pass, the perfect choice for those seeking a tranquil escape and a delightful meal.<\/p>","protected":false},"featured_media":1258,"comment_status":"open","ping_status":"closed","template":"","meta":[],"product_brand":[],"product_cat":[22],"product_tag":[],"class_list":{"0":"post-1067","1":"product","2":"type-product","3":"status-publish","4":"has-post-thumbnail","6":"product_cat-packages","8":"first","9":"instock","10":"taxable","11":"shipping-taxable","12":"purchasable","13":"product-type-simple"},"_links":{"self":[{"href":"https:\/\/www.thecanyonlodge.com\/es\/wp-json\/wp\/v2\/product\/1067","targetHints":{"allow":["GET"]}}],"collection":[{"href":"https:\/\/www.thecanyonlodge.com\/es\/wp-json\/wp\/v2\/product"}],"about":[{"href":"https:\/\/www.thecanyonlodge.com\/es\/wp-json\/wp\/v2\/types\/product"}],"replies":[{"embeddable":true,"href":"https:\/\/www.thecanyonlodge.com\/es\/wp-json\/wp\/v2\/comments?post=1067"}],"wp:featuredmedia":[{"embeddable":true,"href":"https:\/\/www.thecanyonlodge.com\/es\/wp-json\/wp\/v2\/media\/1258"}],"wp:attachment":[{"href":"https:\/\/www.thecanyonlodge.com\/es\/wp-json\/wp\/v2\/media?parent=1067"}],"wp:term":[{"taxonomy":"product_brand","embeddable":true,"href":"https:\/\/www.thecanyonlodge.com\/es\/wp-json\/wp\/v2\/product_brand?post=1067"},{"taxonomy":"product_cat","embeddable":true,"href":"https:\/\/www.thecanyonlodge.com\/es\/wp-json\/wp\/v2\/product_cat?post=1067"},{"taxonomy":"product_tag","embeddable":true,"href":"https:\/\/www.thecanyonlodge.com\/es\/wp-json\/wp\/v2\/product_tag?post=1067"}],"curies":[{"name":"gracias","href":"https:\/\/api.w.org\/{rel}","templated":true}]}}