{"id":963,"date":"2023-10-28T04:00:07","date_gmt":"2023-10-28T04:00:07","guid":{"rendered":"https:\/\/www.thecanyonlodge.com\/?post_type=product&#038;p=963"},"modified":"2025-08-05T21:21:41","modified_gmt":"2025-08-05T21:21:41","slug":"rafting","status":"publish","type":"product","link":"https:\/\/www.thecanyonlodge.com\/es\/producto\/rafting\/","title":{"rendered":"Rafting de la Vieja"},"content":{"rendered":"<h5><strong>Horarios de salida):<\/strong> A partir de las 8:00 horas, el \u00faltimo recorrido sale a las 15:00 horas.<br \/>\n<strong>Duraci\u00f3n:<\/strong> 1 hora<br \/>\n<strong>Dificultad:<\/strong> Moderado<br \/>\n<strong>Que traer:<\/strong> Pantal\u00f3n corto o traje de ba\u00f1o, zapatos para el agua y camiseta. No es recomendable llevar cosas que puedan caerse.<br \/>\n<strong>Nota IMPORTANTE:<\/strong> Ni\u00f1os a partir de 6 a\u00f1os.<\/h5>","protected":false},"excerpt":{"rendered":"<p>Se trata de una ruta de 3 kil\u00f3metros de distancia que dura aproximadamente 1 hora.<br \/>\nSalimos del hotel en un transporte desde el centro de aventura y en 5 minutos llegamos a la orilla del r\u00edo donde iniciamos nuestro recorrido.<br \/>\nEl equipo utilizado es muy seguro, se utilizan chalecos salvavidas y cascos, y dadas las condiciones del r\u00edo, un cliente es acompa\u00f1ado por su respectivo gu\u00eda en cada uno de los dokis (botes inflables). Los ni\u00f1os, seg\u00fan tama\u00f1o y edad, viajar\u00e1n en la misma capacidad que su acompa\u00f1ante, acompa\u00f1ados del gu\u00eda.<br \/>\nLas categor\u00edas que ofrecemos en rafting son clase II y III, dependiendo de las condiciones clim\u00e1ticas en las monta\u00f1as del volc\u00e1n Rinc\u00f3n de La Vieja.<\/p>","protected":false},"featured_media":1300,"comment_status":"open","ping_status":"closed","template":"","meta":[],"product_brand":[],"product_cat":[21],"product_tag":[],"class_list":{"0":"post-963","1":"product","2":"type-product","3":"status-publish","4":"has-post-thumbnail","6":"product_cat-activities","8":"first","9":"instock","10":"taxable","11":"shipping-taxable","12":"purchasable","13":"product-type-simple"},"_links":{"self":[{"href":"https:\/\/www.thecanyonlodge.com\/es\/wp-json\/wp\/v2\/product\/963","targetHints":{"allow":["GET"]}}],"collection":[{"href":"https:\/\/www.thecanyonlodge.com\/es\/wp-json\/wp\/v2\/product"}],"about":[{"href":"https:\/\/www.thecanyonlodge.com\/es\/wp-json\/wp\/v2\/types\/product"}],"replies":[{"embeddable":true,"href":"https:\/\/www.thecanyonlodge.com\/es\/wp-json\/wp\/v2\/comments?post=963"}],"wp:featuredmedia":[{"embeddable":true,"href":"https:\/\/www.thecanyonlodge.com\/es\/wp-json\/wp\/v2\/media\/1300"}],"wp:attachment":[{"href":"https:\/\/www.thecanyonlodge.com\/es\/wp-json\/wp\/v2\/media?parent=963"}],"wp:term":[{"taxonomy":"product_brand","embeddable":true,"href":"https:\/\/www.thecanyonlodge.com\/es\/wp-json\/wp\/v2\/product_brand?post=963"},{"taxonomy":"product_cat","embeddable":true,"href":"https:\/\/www.thecanyonlodge.com\/es\/wp-json\/wp\/v2\/product_cat?post=963"},{"taxonomy":"product_tag","embeddable":true,"href":"https:\/\/www.thecanyonlodge.com\/es\/wp-json\/wp\/v2\/product_tag?post=963"}],"curies":[{"name":"gracias","href":"https:\/\/api.w.org\/{rel}","templated":true}]}}