{"id":964,"date":"2023-10-28T04:06:44","date_gmt":"2023-10-28T04:06:44","guid":{"rendered":"https:\/\/www.thecanyonlodge.com\/?post_type=product&#038;p=964"},"modified":"2025-08-05T21:20:50","modified_gmt":"2025-08-05T21:20:50","slug":"rappel-climbing","status":"publish","type":"product","link":"https:\/\/www.thecanyonlodge.com\/es\/producto\/rappel-climbing\/","title":{"rendered":"Rapel &amp; Escalada Rinc\u00f3n"},"content":{"rendered":"<h5><strong>Horarios de salida):<\/strong> A partir de las 8:00 horas, el \u00faltimo recorrido sale a las 15:00 horas.<br \/>\n<strong>Duraci\u00f3n:<\/strong> Depende de la capacidad de cada cliente.<br \/>\n<strong>Dificultad:<\/strong> Dif\u00edcil<br \/>\n<strong>Que traer:<\/strong> Shorts o pantalones, calzado deportivo y camiseta.<br \/>\n<strong>Nota IMPORTANTE:<\/strong> Ni\u00f1os a partir de 10 a\u00f1os.<\/h5>","protected":false},"excerpt":{"rendered":"<p>A la orilla del r\u00edo podr\u00e1s disfrutar de la adrenalina de descender nuestro muro de piedra natural, que tiene una altura de 17 metros.<br \/>\nUna vez abajo se procede a subirlo.<br \/>\nEl equipamiento utilizado son cascos, arn\u00e9s de seguridad y guantes de cuero.<br \/>\nEl tiempo que dure este recorrido depender\u00e1 b\u00e1sicamente de la agilidad de cada persona, sin embargo, nuestros gu\u00edas te acompa\u00f1ar\u00e1n en todo momento.<\/p>","protected":false},"featured_media":1299,"comment_status":"open","ping_status":"closed","template":"","meta":[],"product_brand":[],"product_cat":[21],"product_tag":[],"class_list":{"0":"post-964","1":"product","2":"type-product","3":"status-publish","4":"has-post-thumbnail","6":"product_cat-activities","8":"first","9":"instock","10":"taxable","11":"shipping-taxable","12":"purchasable","13":"product-type-simple"},"_links":{"self":[{"href":"https:\/\/www.thecanyonlodge.com\/es\/wp-json\/wp\/v2\/product\/964","targetHints":{"allow":["GET"]}}],"collection":[{"href":"https:\/\/www.thecanyonlodge.com\/es\/wp-json\/wp\/v2\/product"}],"about":[{"href":"https:\/\/www.thecanyonlodge.com\/es\/wp-json\/wp\/v2\/types\/product"}],"replies":[{"embeddable":true,"href":"https:\/\/www.thecanyonlodge.com\/es\/wp-json\/wp\/v2\/comments?post=964"}],"wp:featuredmedia":[{"embeddable":true,"href":"https:\/\/www.thecanyonlodge.com\/es\/wp-json\/wp\/v2\/media\/1299"}],"wp:attachment":[{"href":"https:\/\/www.thecanyonlodge.com\/es\/wp-json\/wp\/v2\/media?parent=964"}],"wp:term":[{"taxonomy":"product_brand","embeddable":true,"href":"https:\/\/www.thecanyonlodge.com\/es\/wp-json\/wp\/v2\/product_brand?post=964"},{"taxonomy":"product_cat","embeddable":true,"href":"https:\/\/www.thecanyonlodge.com\/es\/wp-json\/wp\/v2\/product_cat?post=964"},{"taxonomy":"product_tag","embeddable":true,"href":"https:\/\/www.thecanyonlodge.com\/es\/wp-json\/wp\/v2\/product_tag?post=964"}],"curies":[{"name":"gracias","href":"https:\/\/api.w.org\/{rel}","templated":true}]}}