{"id":984,"date":"2023-10-28T04:13:25","date_gmt":"2023-10-28T04:13:25","guid":{"rendered":"https:\/\/www.thecanyonlodge.com\/?post_type=product&#038;p=984"},"modified":"2025-08-05T21:18:26","modified_gmt":"2025-08-05T21:18:26","slug":"tubing-ride","status":"publish","type":"product","link":"https:\/\/www.thecanyonlodge.com\/es\/producto\/tubing-ride\/","title":{"rendered":"Tubing Ca\u00f1\u00f3n Extremo"},"content":{"rendered":"<h5><strong>Horarios de salida):<\/strong> A partir de las 8:00 horas, el \u00faltimo recorrido sale a las 15:00 horas.<br \/>\n<strong>Duraci\u00f3n:<\/strong> 1 hora<br \/>\n<strong>Dificultad:<\/strong> Leve<br \/>\n<strong>Que traer:<\/strong> Pantal\u00f3n corto o traje de ba\u00f1o, zapatos para el agua y camiseta. No es recomendable llevar cosas que puedan caerse.<br \/>\n<strong>Nota IMPORTANTE:<\/strong> Ni\u00f1os a partir de 8 a\u00f1os.<\/h5>","protected":false},"excerpt":{"rendered":"<p>Se trata de una actividad en el R\u00edo Colorado con un recorrido de 2 \u00bd km, en el que el cliente va c\u00f3modamente sentado en el tubing supervisado por gu\u00edas expertos que lo cuidar\u00e1n durante todo el recorrido, tanto en los r\u00e1pidos como en las pozas.<\/p>","protected":false},"featured_media":1270,"comment_status":"open","ping_status":"closed","template":"","meta":[],"product_brand":[],"product_cat":[21],"product_tag":[],"class_list":{"0":"post-984","1":"product","2":"type-product","3":"status-publish","4":"has-post-thumbnail","6":"product_cat-activities","8":"first","9":"instock","10":"taxable","11":"shipping-taxable","12":"purchasable","13":"product-type-simple"},"_links":{"self":[{"href":"https:\/\/www.thecanyonlodge.com\/es\/wp-json\/wp\/v2\/product\/984","targetHints":{"allow":["GET"]}}],"collection":[{"href":"https:\/\/www.thecanyonlodge.com\/es\/wp-json\/wp\/v2\/product"}],"about":[{"href":"https:\/\/www.thecanyonlodge.com\/es\/wp-json\/wp\/v2\/types\/product"}],"replies":[{"embeddable":true,"href":"https:\/\/www.thecanyonlodge.com\/es\/wp-json\/wp\/v2\/comments?post=984"}],"wp:featuredmedia":[{"embeddable":true,"href":"https:\/\/www.thecanyonlodge.com\/es\/wp-json\/wp\/v2\/media\/1270"}],"wp:attachment":[{"href":"https:\/\/www.thecanyonlodge.com\/es\/wp-json\/wp\/v2\/media?parent=984"}],"wp:term":[{"taxonomy":"product_brand","embeddable":true,"href":"https:\/\/www.thecanyonlodge.com\/es\/wp-json\/wp\/v2\/product_brand?post=984"},{"taxonomy":"product_cat","embeddable":true,"href":"https:\/\/www.thecanyonlodge.com\/es\/wp-json\/wp\/v2\/product_cat?post=984"},{"taxonomy":"product_tag","embeddable":true,"href":"https:\/\/www.thecanyonlodge.com\/es\/wp-json\/wp\/v2\/product_tag?post=984"}],"curies":[{"name":"gracias","href":"https:\/\/api.w.org\/{rel}","templated":true}]}}