{"id":991,"date":"2023-10-28T04:17:36","date_gmt":"2023-10-28T04:17:36","guid":{"rendered":"https:\/\/www.thecanyonlodge.com\/?post_type=product&#038;p=991"},"modified":"2025-12-04T23:12:07","modified_gmt":"2025-12-04T23:12:07","slug":"horseback-ride","status":"publish","type":"product","link":"https:\/\/www.thecanyonlodge.com\/es\/producto\/horseback-ride\/","title":{"rendered":"Cabalgata Mirador de la Vieja"},"content":{"rendered":"<h5><strong>Salida (Horarios):<\/strong> Comenzamos a las 8 a. m. y nuestro \u00faltimo recorrido sale a las 3 p. m.<br \/>\n<strong>Duraci\u00f3n:<\/strong> Paseo corto a caballo de 1 hora $55 \/ Paseo largo a caballo de 2 horas $67<br \/>\n<strong>Dificultad:<\/strong> F\u00e1cil<br \/>\n<strong>Que traer:<\/strong> Pantal\u00f3n, calzado deportivo, sombrero o gorra, repelente y c\u00e1mara fotogr\u00e1fica.<br \/>\n<strong>Nota IMPORTANTE:<\/strong> Los ni\u00f1os deben tener 8 a\u00f1os o m\u00e1s. El peso m\u00e1ximo permitido para adultos es de 250 libras.<\/h5>","protected":false},"excerpt":{"rendered":"<p>Canyon de La Vieja Lodge te ofrece la hermosa experiencia de un paseo a caballo por esa pradera guanacasteca en compa\u00f1\u00eda de un verdadero vaquero sabanero.<br \/>\nEste servicio puede durar entre 1 y 2 horas, dependiendo de tu preferencia.<br \/>\nPodr\u00e1s admirar la belleza del volc\u00e1n y la vista de sus alrededores.<\/p>","protected":false},"featured_media":1255,"comment_status":"open","ping_status":"closed","template":"","meta":[],"product_brand":[],"product_cat":[21],"product_tag":[],"class_list":{"0":"post-991","1":"product","2":"type-product","3":"status-publish","4":"has-post-thumbnail","6":"product_cat-activities","8":"first","9":"instock","10":"taxable","11":"shipping-taxable","12":"purchasable","13":"product-type-simple"},"_links":{"self":[{"href":"https:\/\/www.thecanyonlodge.com\/es\/wp-json\/wp\/v2\/product\/991","targetHints":{"allow":["GET"]}}],"collection":[{"href":"https:\/\/www.thecanyonlodge.com\/es\/wp-json\/wp\/v2\/product"}],"about":[{"href":"https:\/\/www.thecanyonlodge.com\/es\/wp-json\/wp\/v2\/types\/product"}],"replies":[{"embeddable":true,"href":"https:\/\/www.thecanyonlodge.com\/es\/wp-json\/wp\/v2\/comments?post=991"}],"wp:featuredmedia":[{"embeddable":true,"href":"https:\/\/www.thecanyonlodge.com\/es\/wp-json\/wp\/v2\/media\/1255"}],"wp:attachment":[{"href":"https:\/\/www.thecanyonlodge.com\/es\/wp-json\/wp\/v2\/media?parent=991"}],"wp:term":[{"taxonomy":"product_brand","embeddable":true,"href":"https:\/\/www.thecanyonlodge.com\/es\/wp-json\/wp\/v2\/product_brand?post=991"},{"taxonomy":"product_cat","embeddable":true,"href":"https:\/\/www.thecanyonlodge.com\/es\/wp-json\/wp\/v2\/product_cat?post=991"},{"taxonomy":"product_tag","embeddable":true,"href":"https:\/\/www.thecanyonlodge.com\/es\/wp-json\/wp\/v2\/product_tag?post=991"}],"curies":[{"name":"gracias","href":"https:\/\/api.w.org\/{rel}","templated":true}]}}